{"id":30069,"date":"2025-11-14T10:10:25","date_gmt":"2025-11-14T09:10:25","guid":{"rendered":"https:\/\/ecamson.fr\/?post_type=product&#038;p=30069"},"modified":"2026-01-26T15:48:47","modified_gmt":"2026-01-26T14:48:47","slug":"magic-elek-coaxial-invisible-2m","status":"publish","type":"product","link":"https:\/\/ecamson.fr\/en\/product\/magic-elek-coaxial-invisible-2m\/","title":{"rendered":"MAGIC ELEK \u2013 Coaxial INVISIBLE ultra-plat 2 m"},"content":{"rendered":"<section class=\"product-description\" aria-label=\"Description du produit\">\n<h2>Description<\/h2>\n<p>Le <strong>MAGIC ELEK \u2013 Coaxial INVISIBLE 2 m<\/strong> est un<br \/>\n<strong>c\u00e2ble coaxial ultra-plat<\/strong> con\u00e7u pour offrir une connexion<br \/>\nfiable tout en restant <strong>totalement discret<\/strong> dans votre int\u00e9rieur.<br \/>\nGr\u00e2ce \u00e0 la technologie <strong>WireSlim<\/strong>, il fait partie des c\u00e2bles<br \/>\nles plus plats au monde.<\/p>\n<p>Ce c\u00e2ble permet de <strong>dissimuler facilement les connexions coaxiales<\/strong><br \/>\nsous la peinture, le papier peint, la moquette, le parquet ou le long des murs,<br \/>\nsupprimant ainsi les c\u00e2bles visibles et am\u00e9liorant l\u2019esth\u00e9tique de votre installation.<\/p>\n<h3>Installation rapide et invisible<\/h3>\n<p>Facile et rapide \u00e0 installer, le c\u00e2ble coaxial invisible MAGIC ELEK permet<br \/>\nde <strong>gagner du temps<\/strong> lors de l\u2019am\u00e9nagement et du rangement<br \/>\ndes c\u00e2bles. Il est id\u00e9al pour les installations TV, antennes et \u00e9quipements<br \/>\naudiovisuels n\u00e9cessitant une connexion discr\u00e8te.<\/p>\n<h3>Contenu du pack<\/h3>\n<ul>\n<li>1 x c\u00e2ble coaxial ultra-plat \u2013 2 m\u00e8tres<\/li>\n<li>2 x connecteurs coaxiaux<\/li>\n<li>1 x adh\u00e9sif pour la fixation du c\u00e2ble<\/li>\n<li>2 x adh\u00e9sifs pour les connecteurs<\/li>\n<li>1 x set d\u2019embouts traditionnels<\/li>\n<li>1 x manuel d\u2019utilisation illustr\u00e9<\/li>\n<\/ul>\n<h3>Caract\u00e9ristiques \u00e9lectriques<\/h3>\n<ul>\n<li>C\u00e2ble \u00e0 <strong>5 pistes<\/strong><\/li>\n<li>Conducteur : <strong>aluminium<\/strong><\/li>\n<li>Isolant : <strong>PET<\/strong><\/li>\n<li>R\u00e9sistance DC : <strong>0,72 ohm\/m<\/strong><\/li>\n<\/ul>\n<h3>Caract\u00e9ristiques m\u00e9caniques<\/h3>\n<ul>\n<li>Largeur : <strong>34 mm<\/strong><\/li>\n<li>\u00c9paisseur : <strong>0,16 mm<\/strong><\/li>\n<li>Poids : <strong>9 g \/ m\u00e8tre<\/strong><\/li>\n<\/ul>\n<p>Le <strong>MAGIC ELEK \u2013 Coaxial INVISIBLE 2 m<\/strong> est la solution id\u00e9ale<br \/>\npour une installation <strong>discr\u00e8te<\/strong>, <strong>propre<\/strong> et<br \/>\n<strong>performante<\/strong> de vos connexions TV et antenne.<\/p>\n<\/section>\n<section class=\"product-description\" aria-label=\"Description du produit\">\n<h2>Description<\/h2>\n<p>Le <strong>MAGIC ELEK \u2013 Coaxial INVISIBLE 2 m<\/strong> est un<br \/>\n<strong>c\u00e2ble coaxial ultra-plat<\/strong> con\u00e7u pour offrir une connexion<br \/>\nfiable tout en restant <strong>totalement discret<\/strong> dans votre int\u00e9rieur.<br \/>\nGr\u00e2ce \u00e0 la technologie <strong>WireSlim<\/strong>, il fait partie des c\u00e2bles<br \/>\nles plus plats au monde.<\/p>\n<p>Ce c\u00e2ble permet de <strong>dissimuler facilement les connexions coaxiales<\/strong><br \/>\nsous la peinture, le papier peint, la moquette, le parquet ou le long des murs,<br \/>\nsupprimant ainsi les c\u00e2bles visibles et am\u00e9liorant l\u2019esth\u00e9tique de votre installation.<\/p>\n<h3>Installation rapide et invisible<\/h3>\n<p>Facile et rapide \u00e0 installer, le c\u00e2ble coaxial invisible MAGIC ELEK permet<br \/>\nde <strong>gagner du temps<\/strong> lors de l\u2019am\u00e9nagement et du rangement<br \/>\ndes c\u00e2bles. Il est id\u00e9al pour les installations TV, antennes et \u00e9quipements<br \/>\naudiovisuels n\u00e9cessitant une connexion discr\u00e8te.<\/p>\n<h3>Contenu du pack<\/h3>\n<ul>\n<li>1 x c\u00e2ble coaxial ultra-plat \u2013 2 m\u00e8tres<\/li>\n<li>2 x connecteurs coaxiaux<\/li>\n<li>1 x adh\u00e9sif pour la fixation du c\u00e2ble<\/li>\n<li>2 x adh\u00e9sifs pour les connecteurs<\/li>\n<li>1 x set d\u2019embouts traditionnels<\/li>\n<li>1 x manuel d\u2019utilisation illustr\u00e9<\/li>\n<\/ul>\n<h3>Caract\u00e9ristiques \u00e9lectriques<\/h3>\n<ul>\n<li>C\u00e2ble \u00e0 <strong>5 pistes<\/strong><\/li>\n<li>Conducteur : <strong>aluminium<\/strong><\/li>\n<li>Isolant : <strong>PET<\/strong><\/li>\n<li>R\u00e9sistance DC : <strong>0,72 ohm\/m<\/strong><\/li>\n<\/ul>\n<h3>Caract\u00e9ristiques m\u00e9caniques<\/h3>\n<ul>\n<li>Largeur : <strong>34 mm<\/strong><\/li>\n<li>\u00c9paisseur : <strong>0,16 mm<\/strong><\/li>\n<li>Poids : <strong>9 g \/ m\u00e8tre<\/strong><\/li>\n<\/ul>\n<p>Le <strong>MAGIC ELEK \u2013 Coaxial INVISIBLE 2 m<\/strong> est la solution id\u00e9ale<br \/>\npour une installation <strong>discr\u00e8te<\/strong>, <strong>propre<\/strong> et<br \/>\n<strong>performante<\/strong> de vos connexions TV et antenne.<\/p>\n<\/section>","protected":false},"excerpt":{"rendered":"<p><strong>MAGIC ELEK \u2013 Coaxial INVISIBLE 2 m<\/strong> :<br \/>\nc\u00e2ble coaxial <strong>ultra-plat<\/strong> discret et facile \u00e0 dissimuler<br \/>\nsous peinture, papier peint ou sol. Installation rapide,<br \/>\npack complet avec connecteurs, adh\u00e9sifs et accessoires inclus.<\/p>","protected":false},"featured_media":30071,"comment_status":"open","ping_status":"closed","template":"","meta":{"_crdt_document":"","_monsterinsights_skip_tracking":false,"_monsterinsights_sitenote_active":false,"_monsterinsights_sitenote_note":"","_monsterinsights_sitenote_category":0,"advanced_seo_description":"","jetpack_seo_html_title":"","jetpack_seo_noindex":false,"jetpack_publicize_message":"","jetpack_publicize_feature_enabled":true,"jetpack_social_post_already_shared":true,"jetpack_social_options":{"image_generator_settings":{"template":"highway","default_image_id":0,"font":"","enabled":false},"version":2},"_wpas_customize_per_network":false},"product_brand":[17561],"product_cat":[17753],"product_tag":[17578],"class_list":{"0":"post-30069","1":"product","2":"type-product","3":"status-publish","4":"has-post-thumbnail","6":"product_brand-magic-elek","7":"product_cat-cables__connectiques","8":"product_tag-coaxial","10":"first","11":"instock","12":"sale","13":"taxable","14":"shipping-taxable","15":"purchasable","16":"product-type-simple"},"exclude_global_add_ons":[],"addons":[],"jetpack_publicize_connections":[],"jetpack_sharing_enabled":true,"_links":{"self":[{"href":"https:\/\/ecamson.fr\/en\/wp-json\/wp\/v2\/product\/30069","targetHints":{"allow":["GET"]}}],"collection":[{"href":"https:\/\/ecamson.fr\/en\/wp-json\/wp\/v2\/product"}],"about":[{"href":"https:\/\/ecamson.fr\/en\/wp-json\/wp\/v2\/types\/product"}],"replies":[{"embeddable":true,"href":"https:\/\/ecamson.fr\/en\/wp-json\/wp\/v2\/comments?post=30069"}],"version-history":[{"count":0,"href":"https:\/\/ecamson.fr\/en\/wp-json\/wp\/v2\/product\/30069\/revisions"}],"wp:featuredmedia":[{"embeddable":true,"href":"https:\/\/ecamson.fr\/en\/wp-json\/wp\/v2\/media\/30071"}],"wp:attachment":[{"href":"https:\/\/ecamson.fr\/en\/wp-json\/wp\/v2\/media?parent=30069"}],"wp:term":[{"taxonomy":"product_brand","embeddable":true,"href":"https:\/\/ecamson.fr\/en\/wp-json\/wp\/v2\/product_brand?post=30069"},{"taxonomy":"product_cat","embeddable":true,"href":"https:\/\/ecamson.fr\/en\/wp-json\/wp\/v2\/product_cat?post=30069"},{"taxonomy":"product_tag","embeddable":true,"href":"https:\/\/ecamson.fr\/en\/wp-json\/wp\/v2\/product_tag?post=30069"}],"curies":[{"name":"wp","href":"https:\/\/api.w.org\/{rel}","templated":true}]}}