{"id":30266,"date":"2025-11-14T12:32:52","date_gmt":"2025-11-14T11:32:52","guid":{"rendered":"https:\/\/ecamson.fr\/?post_type=product&#038;p=30266"},"modified":"2026-03-16T11:45:02","modified_gmt":"2026-03-16T10:45:02","slug":"iriscanbook-3","status":"publish","type":"product","link":"https:\/\/ecamson.fr\/en\/product\/iriscanbook-3\/","title":{"rendered":"IRIScanBook 3"},"content":{"rendered":"<section class=\"product-description\" aria-label=\"Description du produit\">\n<h2>Description<\/h2>\n<p>Le <strong>IRIScan Book 3<\/strong> est un <strong>scanner portable autonome<\/strong><br \/>\ncon\u00e7u pour num\u00e9riser rapidement des documents, livres, magazines et notes,<br \/>\nsans avoir besoin d\u2019un ordinateur. Compact et l\u00e9ger, il est id\u00e9al pour les<br \/>\nprofessionnels, \u00e9tudiants et utilisateurs nomades.<\/p>\n<p>Gr\u00e2ce \u00e0 son <strong>capteur optique haute pr\u00e9cision<\/strong>, l\u2019IRIScan Book 3<br \/>\npermet de scanner des pages en quelques secondes, simplement en le faisant<br \/>\nglisser sur le document. Il offre une solution pratique pour la<br \/>\n<strong>num\u00e9risation instantan\u00e9e<\/strong> o\u00f9 que vous soyez.<\/p>\n<h3>Qualit\u00e9 de num\u00e9risation<\/h3>\n<p>Le scanner propose plusieurs r\u00e9solutions jusqu\u2019\u00e0 <strong>900 dpi<\/strong>,<br \/>\ngarantissant des images nettes et lisibles. Les documents peuvent \u00eatre<br \/>\nenregistr\u00e9s aux formats <strong>JPEG<\/strong> ou <strong>PDF<\/strong>, selon<br \/>\nvos besoins.<\/p>\n<h3>Utilisation autonome<\/h3>\n<p>Dot\u00e9 d\u2019un <strong>\u00e9cran LCD int\u00e9gr\u00e9<\/strong>, l\u2019IRIScan Book 3 permet de<br \/>\nvisualiser et g\u00e9rer les scans directement sur l\u2019appareil. Il fonctionne de<br \/>\nmani\u00e8re totalement autonome gr\u00e2ce \u00e0 sa <strong>m\u00e9moire interne<\/strong> et<br \/>\nson emplacement pour <strong>carte microSD<\/strong>.<\/p>\n<h3>Connectivit\u00e9 et compatibilit\u00e9<\/h3>\n<p>Une fois connect\u00e9 \u00e0 un ordinateur via <strong>USB<\/strong>, le scanner permet<br \/>\nde transf\u00e9rer facilement les fichiers. Il est compatible avec les syst\u00e8mes<br \/>\n<strong>Windows<\/strong> et <strong>macOS<\/strong>, facilitant l\u2019archivage et<br \/>\nle partage des documents num\u00e9ris\u00e9s.<\/p>\n<h3>Design et mobilit\u00e9<\/h3>\n<p>Son <strong>design ergonomique<\/strong> et son faible encombrement en font un<br \/>\noutil parfaitement adapt\u00e9 aux d\u00e9placements. Il est id\u00e9al pour num\u00e9riser des<br \/>\ndocuments sans les d\u00e9t\u00e9riorer, notamment les <strong>livres reli\u00e9s<\/strong><br \/>\net les documents fragiles.<\/p>\n<p>Le <strong>IRIScan Book 3<\/strong> est la solution id\u00e9ale pour ceux qui<br \/>\nrecherchent un <strong>scanner portable fiable, rapide et simple \u00e0 utiliser<\/strong>,<br \/>\naussi bien au bureau qu\u2019en d\u00e9placement.<\/p>\n<\/section>","protected":false},"excerpt":{"rendered":"<p><strong>IRIScan Book 3<\/strong>, scanner portable autonome avec \u00e9cran LCD,<br \/>\nr\u00e9solution jusqu\u2019\u00e0 <strong>900 dpi<\/strong>, num\u00e9risation rapide de livres et<br \/>\ndocuments, formats <strong>PDF\/JPEG<\/strong>, stockage sur <strong>carte microSD<\/strong><br \/>\net connexion <strong>USB<\/strong>.<\/p>","protected":false},"featured_media":34267,"comment_status":"closed","ping_status":"closed","template":"","meta":{"_crdt_document":"","_monsterinsights_skip_tracking":false,"_monsterinsights_sitenote_active":false,"_monsterinsights_sitenote_note":"","_monsterinsights_sitenote_category":0,"advanced_seo_description":"","jetpack_seo_html_title":"","jetpack_seo_noindex":false,"jetpack_publicize_message":"","jetpack_publicize_feature_enabled":true,"jetpack_social_post_already_shared":true,"jetpack_social_options":{"image_generator_settings":{"template":"highway","default_image_id":0,"font":"","enabled":false},"version":2},"_wpas_customize_per_network":false},"product_brand":[17787],"product_cat":[17526],"product_tag":[17590],"class_list":{"0":"post-30266","1":"product","2":"type-product","3":"status-publish","4":"has-post-thumbnail","6":"product_brand-iris","7":"product_cat-imprimantes-consommables","8":"product_tag-scan","10":"first","11":"instock","12":"taxable","13":"shipping-taxable","14":"purchasable","15":"product-type-simple"},"exclude_global_add_ons":[],"addons":[],"jetpack_publicize_connections":[],"jetpack_sharing_enabled":true,"_links":{"self":[{"href":"https:\/\/ecamson.fr\/en\/wp-json\/wp\/v2\/product\/30266","targetHints":{"allow":["GET"]}}],"collection":[{"href":"https:\/\/ecamson.fr\/en\/wp-json\/wp\/v2\/product"}],"about":[{"href":"https:\/\/ecamson.fr\/en\/wp-json\/wp\/v2\/types\/product"}],"replies":[{"embeddable":true,"href":"https:\/\/ecamson.fr\/en\/wp-json\/wp\/v2\/comments?post=30266"}],"version-history":[{"count":0,"href":"https:\/\/ecamson.fr\/en\/wp-json\/wp\/v2\/product\/30266\/revisions"}],"wp:featuredmedia":[{"embeddable":true,"href":"https:\/\/ecamson.fr\/en\/wp-json\/wp\/v2\/media\/34267"}],"wp:attachment":[{"href":"https:\/\/ecamson.fr\/en\/wp-json\/wp\/v2\/media?parent=30266"}],"wp:term":[{"taxonomy":"product_brand","embeddable":true,"href":"https:\/\/ecamson.fr\/en\/wp-json\/wp\/v2\/product_brand?post=30266"},{"taxonomy":"product_cat","embeddable":true,"href":"https:\/\/ecamson.fr\/en\/wp-json\/wp\/v2\/product_cat?post=30266"},{"taxonomy":"product_tag","embeddable":true,"href":"https:\/\/ecamson.fr\/en\/wp-json\/wp\/v2\/product_tag?post=30266"}],"curies":[{"name":"wp","href":"https:\/\/api.w.org\/{rel}","templated":true}]}}