{"id":33914,"date":"2026-01-02T16:00:11","date_gmt":"2026-01-02T15:00:11","guid":{"rendered":"https:\/\/ecamson.fr\/?post_type=product&#038;p=33914"},"modified":"2026-01-19T12:01:29","modified_gmt":"2026-01-19T11:01:29","slug":"cable-sata-molex-4-broches-vers-15-broches","status":"publish","type":"product","link":"https:\/\/ecamson.fr\/en\/product\/cable-sata-molex-4-broches-vers-15-broches\/","title":{"rendered":"C\u00e2ble SATA MOLEX 4 broches vers 15 broches"},"content":{"rendered":"<section class=\"product-description\" aria-label=\"Description du produit\">\n<h2>Description<\/h2>\n<p>    Ce c\u00e2ble d\u2019alimentation <strong>Molex 4 broches vers SATA 15 broches<\/strong> permet d\u2019alimenter facilement<br \/>\n    un p\u00e9riph\u00e9rique de stockage <strong>SATA<\/strong> (disque dur ou SSD) \u00e0 partir d\u2019un connecteur<br \/>\n    <strong>Molex<\/strong> provenant de l\u2019alimentation du PC.<\/p>\n<p>    Il est particuli\u00e8rement utile pour les anciennes alimentations ne disposant pas de connecteurs SATA<br \/>\n    ou lorsque tous les ports SATA sont d\u00e9j\u00e0 utilis\u00e9s. Ce c\u00e2ble assure une alimentation stable et s\u00e9curis\u00e9e<br \/>\n    pour vos composants de stockage.<\/p>\n<h3>Utilisations<\/h3>\n<ul>\n<li>Alimenter un disque dur SATA (HDD)<\/li>\n<li>Alimenter un SSD SATA<\/li>\n<li>Ajouter un disque suppl\u00e9mentaire dans un PC<\/li>\n<li>Compatibilit\u00e9 avec alimentations anciennes<\/li>\n<\/ul>\n<h3>Caract\u00e9ristiques principales<\/h3>\n<ul>\n<li><strong>Type :<\/strong> C\u00e2ble d\u2019alimentation<\/li>\n<li><strong>Entr\u00e9e :<\/strong> Molex IDE ATA 4 broches<\/li>\n<li><strong>Sortie :<\/strong> SATA 15 broches<\/li>\n<li><strong>Compatibilit\u00e9 :<\/strong> HDD et SSD SATA<\/li>\n<li><strong>\u00c9tat :<\/strong> Neuf<\/li>\n<\/ul>\n<p>    Un accessoire simple et indispensable pour garantir l\u2019alimentation correcte de vos disques SATA dans<br \/>\n    toutes les configurations PC.<\/p>\n<\/section>","protected":false},"excerpt":{"rendered":"<p>\n  C\u00e2ble d\u2019alimentation <strong>Molex 4 broches vers SATA 15 broches<\/strong>, id\u00e9al pour alimenter un disque<br \/>\n  dur ou un SSD SATA depuis une alimentation classique.<\/p>","protected":false},"featured_media":34111,"comment_status":"open","ping_status":"closed","template":"","meta":{"_crdt_document":"","_monsterinsights_skip_tracking":false,"_monsterinsights_sitenote_active":false,"_monsterinsights_sitenote_note":"","_monsterinsights_sitenote_category":0,"advanced_seo_description":"","jetpack_seo_html_title":"","jetpack_seo_noindex":false,"jetpack_publicize_message":"","jetpack_publicize_feature_enabled":true,"jetpack_social_post_already_shared":true,"jetpack_social_options":{"image_generator_settings":{"template":"highway","default_image_id":0,"font":"","enabled":false},"version":2},"_wpas_customize_per_network":false},"product_brand":[],"product_cat":[17761,17753,17759],"product_tag":[],"class_list":{"0":"post-33914","1":"product","2":"type-product","3":"status-publish","4":"has-post-thumbnail","6":"product_cat-adaptateurs","7":"product_cat-cables__connectiques","8":"product_cat-sata_e_sata","10":"first","11":"instock","12":"sale","13":"taxable","14":"shipping-taxable","15":"purchasable","16":"product-type-simple"},"exclude_global_add_ons":[],"addons":[],"jetpack_publicize_connections":[],"jetpack_sharing_enabled":true,"_links":{"self":[{"href":"https:\/\/ecamson.fr\/en\/wp-json\/wp\/v2\/product\/33914","targetHints":{"allow":["GET"]}}],"collection":[{"href":"https:\/\/ecamson.fr\/en\/wp-json\/wp\/v2\/product"}],"about":[{"href":"https:\/\/ecamson.fr\/en\/wp-json\/wp\/v2\/types\/product"}],"replies":[{"embeddable":true,"href":"https:\/\/ecamson.fr\/en\/wp-json\/wp\/v2\/comments?post=33914"}],"version-history":[{"count":0,"href":"https:\/\/ecamson.fr\/en\/wp-json\/wp\/v2\/product\/33914\/revisions"}],"wp:featuredmedia":[{"embeddable":true,"href":"https:\/\/ecamson.fr\/en\/wp-json\/wp\/v2\/media\/34111"}],"wp:attachment":[{"href":"https:\/\/ecamson.fr\/en\/wp-json\/wp\/v2\/media?parent=33914"}],"wp:term":[{"taxonomy":"product_brand","embeddable":true,"href":"https:\/\/ecamson.fr\/en\/wp-json\/wp\/v2\/product_brand?post=33914"},{"taxonomy":"product_cat","embeddable":true,"href":"https:\/\/ecamson.fr\/en\/wp-json\/wp\/v2\/product_cat?post=33914"},{"taxonomy":"product_tag","embeddable":true,"href":"https:\/\/ecamson.fr\/en\/wp-json\/wp\/v2\/product_tag?post=33914"}],"curies":[{"name":"wp","href":"https:\/\/api.w.org\/{rel}","templated":true}]}}